{"id":2593,"date":"2024-06-14T15:48:56","date_gmt":"2024-06-14T13:48:56","guid":{"rendered":"http:\/\/www.caluirekarate.fr\/?page_id=2593"},"modified":"2025-09-23T10:41:01","modified_gmt":"2025-09-23T08:41:01","slug":"inscription","status":"publish","type":"page","link":"http:\/\/www.caluirekarate.fr\/index.php\/inscription\/","title":{"rendered":"Inscription"},"content":{"rendered":"\t\t<div data-elementor-type=\"wp-post\" data-elementor-id=\"2593\" class=\"elementor elementor-2593\">\n\t\t\t\t\t\t<section class=\"elementor-section elementor-top-section elementor-element elementor-element-2e0ff97 elementor-section-boxed elementor-section-height-default elementor-section-height-default\" data-id=\"2e0ff97\" data-element_type=\"section\" data-e-type=\"section\">\n\t\t\t\t\t\t<div class=\"elementor-container elementor-column-gap-default\">\n\t\t\t\t\t<div class=\"elementor-column elementor-col-100 elementor-top-column elementor-element elementor-element-4312303\" data-id=\"4312303\" data-element_type=\"column\" data-e-type=\"column\">\n\t\t\t<div class=\"elementor-widget-wrap elementor-element-populated\">\n\t\t\t\t\t\t<div class=\"elementor-element elementor-element-47e12ed elementor-widget elementor-widget-heading\" data-id=\"47e12ed\" data-element_type=\"widget\" data-e-type=\"widget\" data-widget_type=\"heading.default\">\n\t\t\t\t<div class=\"elementor-widget-container\">\n\t\t\t\t\t<h2 class=\"elementor-heading-title elementor-size-default\"><a href=\"https:\/\/www.helloasso.com\/associations\/as-caluire-karate\/adhesions\/adhesion-2019-2020\" target=\"_blank\">SAISON 2025\/2026<\/a><\/h2>\t\t\t\t<\/div>\n\t\t\t\t<\/div>\n\t\t\t\t\t<\/div>\n\t\t<\/div>\n\t\t\t\t\t<\/div>\n\t\t<\/section>\n\t\t\t\t<section class=\"elementor-section elementor-top-section elementor-element elementor-element-bd5d5df elementor-section-boxed elementor-section-height-default elementor-section-height-default\" data-id=\"bd5d5df\" data-element_type=\"section\" data-e-type=\"section\">\n\t\t\t\t\t\t<div class=\"elementor-container elementor-column-gap-default\">\n\t\t\t\t\t<div class=\"elementor-column elementor-col-100 elementor-top-column elementor-element elementor-element-022a6df\" data-id=\"022a6df\" data-element_type=\"column\" data-e-type=\"column\">\n\t\t\t<div class=\"elementor-widget-wrap elementor-element-populated\">\n\t\t\t\t\t\t<div class=\"elementor-element elementor-element-d71c38d elementor-widget elementor-widget-text-editor\" data-id=\"d71c38d\" data-element_type=\"widget\" data-e-type=\"widget\" data-widget_type=\"text-editor.default\">\n\t\t\t\t<div class=\"elementor-widget-container\">\n\t\t\t\t\t\t\t\t\t<p style=\"text-align: center;\"><strong>Toutes les d\u00e9marches sont int\u00e9gralement r\u00e9alis\u00e9es en ligne.<\/strong><\/p>\n<h1 style=\"text-align: center;\"><span style=\"color: #0000ff;\"><em><b style=\"color: #0000ff;\">Cliquez sur \u00ab\u00a0<\/b><a href=\"https:\/\/www.helloasso.com\/associations\/as-caluire-karate\/adhesions\/adhesion-2025-2026\" target=\"_blank\" rel=\"noopener\"><span style=\"color: #0000ff;\"><b><u>ADH\u00c9RER<\/u><\/b><\/span><\/a><b style=\"color: #0000ff;\">\u00a0\u00bb et laissez-vous guider !<\/b><\/em><\/span><\/h1>\n<h3 style=\"text-align: center;\"><span style=\"color: #800000;\"><span style=\"font-weight: bold;\">PROFITEZ D&rsquo;UNE REMISE IMM\u00c9DIATE DE\u00a0<u>30 \u20ac<\/u>\u00a0D\u00c8S LE 2\u00c8ME INSCRIT (DU M\u00caME FOYER)<\/span><\/span><\/h3>\n<h5 style=\"text-align: center;\"><span style=\"font-weight: bold;\"><i>(HORS TARIF PROMOTIONNEL &amp; HORS LICENCE)<\/i><\/span><\/h5>\n<h5 style=\"box-sizing: border-box; font-weight: 400; line-height: 1.1; margin: 0px 0px 16px; font-size: 14px; font-family: Oswald, sans-serif; text-transform: uppercase; color: #3d3d3d; font-variant-ligatures: normal; font-variant-caps: normal; letter-spacing: normal; orphans: 2; text-indent: 0px; white-space: normal; widows: 2; word-spacing: 0px; -webkit-text-stroke-width: 0px; background-color: #ffffff; text-decoration-style: initial; text-decoration-color: initial; text-align: center;\"><span style=\"font-family: 'Open Sans', sans-serif;\">\u00ab\u00a0Des d\u00e9marches simplifi\u00e9es et s\u00e9curis\u00e9es\u00a0\u00bb<\/span><\/h5>\n<ul>\n<li>L&rsquo;inscription est <strong>possible depuis\u00a0n&rsquo;importe quel ordinateur, tablette ou smartphone connect\u00e9<\/strong> \u00e0 internet, 7 jours sur 7, 24 heures sur 24<\/li>\n<li>La <strong>s\u00e9curisation<\/strong> des transactions est assur\u00e9e\u00a0par un\u00a0cryptage SSL et la v\u00e9rification 3D Secure<\/li>\n<li>La <strong>confidentialit\u00e9<\/strong> de vos donn\u00e9es personnelles est assur\u00e9e\u00a0par les engagements de l&rsquo;AS Caluire Karat\u00e9<\/li>\n<li>Un <strong>courriel de confirmation<\/strong>\u00a0r\u00e9capitule la validation de l&rsquo;inscription, les souhaits p\u00e9dagogiques exprim\u00e9s et les pi\u00e8ces \u00e9ventuellement fournies<\/li>\n<\/ul>\n<p>L&rsquo;acc\u00e8s est aussi facilit\u00e9 au sein du club car d\u00e8s votre arriv\u00e9e, un b\u00e9n\u00e9vole pourra enregistrer et valider votre inscription directement sur ordinateur pour tous ceux qui le d\u00e9sirent.<\/p>\t\t\t\t\t\t\t\t<\/div>\n\t\t\t\t<\/div>\n\t\t\t\t\t<\/div>\n\t\t<\/div>\n\t\t\t\t\t<\/div>\n\t\t<\/section>\n\t\t\t\t<section class=\"elementor-section elementor-top-section elementor-element elementor-element-ef43a9f elementor-section-boxed elementor-section-height-default elementor-section-height-default\" data-id=\"ef43a9f\" data-element_type=\"section\" data-e-type=\"section\">\n\t\t\t\t\t\t<div class=\"elementor-container elementor-column-gap-default\">\n\t\t\t\t\t<div class=\"elementor-column elementor-col-100 elementor-top-column elementor-element elementor-element-cb18fe2\" data-id=\"cb18fe2\" data-element_type=\"column\" data-e-type=\"column\">\n\t\t\t<div class=\"elementor-widget-wrap elementor-element-populated\">\n\t\t\t\t\t\t<div class=\"elementor-element elementor-element-6dd50b1 elementor-widget elementor-widget-heading\" data-id=\"6dd50b1\" data-element_type=\"widget\" data-e-type=\"widget\" data-widget_type=\"heading.default\">\n\t\t\t\t<div class=\"elementor-widget-container\">\n\t\t\t\t\t<h2 class=\"elementor-heading-title elementor-size-default\">SYSTEME DE LICENCIATION<\/h2>\t\t\t\t<\/div>\n\t\t\t\t<\/div>\n\t\t\t\t\t<\/div>\n\t\t<\/div>\n\t\t\t\t\t<\/div>\n\t\t<\/section>\n\t\t\t\t<section class=\"elementor-section elementor-top-section elementor-element elementor-element-49ae3bb elementor-section-boxed elementor-section-height-default elementor-section-height-default\" data-id=\"49ae3bb\" data-element_type=\"section\" data-e-type=\"section\">\n\t\t\t\t\t\t<div class=\"elementor-container elementor-column-gap-default\">\n\t\t\t\t\t<div class=\"elementor-column elementor-col-100 elementor-top-column elementor-element elementor-element-52f7ce5\" data-id=\"52f7ce5\" data-element_type=\"column\" data-e-type=\"column\">\n\t\t\t<div class=\"elementor-widget-wrap elementor-element-populated\">\n\t\t\t\t\t\t<div class=\"elementor-element elementor-element-c537126 elementor-widget elementor-widget-image\" data-id=\"c537126\" data-element_type=\"widget\" data-e-type=\"widget\" data-widget_type=\"image.default\">\n\t\t\t\t<div class=\"elementor-widget-container\">\n\t\t\t\t\t\t\t\t\t\t\t\t\t\t\t<img fetchpriority=\"high\" decoding=\"async\" width=\"640\" height=\"425\" src=\"http:\/\/www.caluirekarate.fr\/wp-content\/uploads\/2018\/11\/0001-2-840x558.jpg\" class=\"attachment-large size-large wp-image-2932\" alt=\"\" srcset=\"http:\/\/www.caluirekarate.fr\/wp-content\/uploads\/2018\/11\/0001-2-840x558.jpg 840w, http:\/\/www.caluirekarate.fr\/wp-content\/uploads\/2018\/11\/0001-2-550x365.jpg 550w, http:\/\/www.caluirekarate.fr\/wp-content\/uploads\/2018\/11\/0001-2-768x510.jpg 768w\" sizes=\"(max-width: 640px) 100vw, 640px\" \/>\t\t\t\t\t\t\t\t\t\t\t\t\t\t\t<\/div>\n\t\t\t\t<\/div>\n\t\t\t\t\t<\/div>\n\t\t<\/div>\n\t\t\t\t\t<\/div>\n\t\t<\/section>\n\t\t\t\t<\/div>\n\t\t","protected":false},"excerpt":{"rendered":"<p>SAISON 2025\/2026 Toutes les d\u00e9marches sont int\u00e9gralement r\u00e9alis\u00e9es en ligne. Cliquez sur \u00ab\u00a0ADH\u00c9RER\u00a0\u00bb et laissez-vous guider ! PROFITEZ D&rsquo;UNE REMISE IMM\u00c9DIATE DE\u00a030 \u20ac\u00a0D\u00c8S LE 2\u00c8ME INSCRIT (DU M\u00caME FOYER) (HORS TARIF PROMOTIONNEL &amp; HORS LICENCE) \u00ab\u00a0Des d\u00e9marches simplifi\u00e9es et s\u00e9curis\u00e9es\u00a0\u00bb L&rsquo;inscription est possible depuis\u00a0n&rsquo;importe quel ordinateur, tablette ou smartphone connect\u00e9 \u00e0 internet, 7 jours sur 7, 24 heures sur 24 La s\u00e9curisation des transactions est assur\u00e9e\u00a0par un\u00a0cryptage SSL et la v\u00e9rification 3D Secure La confidentialit\u00e9 de vos donn\u00e9es personnelles est assur\u00e9e\u00a0par les engagements de l&rsquo;AS Caluire Karat\u00e9 Un courriel de&hellip;<\/p>\n","protected":false},"author":1,"featured_media":2648,"parent":0,"menu_order":4,"comment_status":"closed","ping_status":"closed","template":"","meta":{"footnotes":""},"class_list":["post-2593","page","type-page","status-publish","has-post-thumbnail","hentry"],"_links":{"self":[{"href":"http:\/\/www.caluirekarate.fr\/index.php\/wp-json\/wp\/v2\/pages\/2593","targetHints":{"allow":["GET"]}}],"collection":[{"href":"http:\/\/www.caluirekarate.fr\/index.php\/wp-json\/wp\/v2\/pages"}],"about":[{"href":"http:\/\/www.caluirekarate.fr\/index.php\/wp-json\/wp\/v2\/types\/page"}],"author":[{"embeddable":true,"href":"http:\/\/www.caluirekarate.fr\/index.php\/wp-json\/wp\/v2\/users\/1"}],"replies":[{"embeddable":true,"href":"http:\/\/www.caluirekarate.fr\/index.php\/wp-json\/wp\/v2\/comments?post=2593"}],"version-history":[{"count":65,"href":"http:\/\/www.caluirekarate.fr\/index.php\/wp-json\/wp\/v2\/pages\/2593\/revisions"}],"predecessor-version":[{"id":3798,"href":"http:\/\/www.caluirekarate.fr\/index.php\/wp-json\/wp\/v2\/pages\/2593\/revisions\/3798"}],"wp:featuredmedia":[{"embeddable":true,"href":"http:\/\/www.caluirekarate.fr\/index.php\/wp-json\/wp\/v2\/media\/2648"}],"wp:attachment":[{"href":"http:\/\/www.caluirekarate.fr\/index.php\/wp-json\/wp\/v2\/media?parent=2593"}],"curies":[{"name":"wp","href":"https:\/\/api.w.org\/{rel}","templated":true}]}}